{"id":154,"date":"2010-10-14T09:42:33","date_gmt":"2010-10-14T09:42:33","guid":{"rendered":"http:\/\/www.kuohu2.kajaani.net\/?page_id=154"},"modified":"2011-02-24T14:25:05","modified_gmt":"2011-02-24T14:25:05","slug":"linkit","status":"publish","type":"page","link":"https:\/\/www.kajaaninkuohu.fi\/?page_id=154","title":{"rendered":"Linkit"},"content":{"rendered":"<p><!--more--><\/p>\n<p><strong><a href=\"http:\/\/www.nyrkkeilyliitto.com\" target=\"_blank\">Suomen nyrkkeilyliitto<\/a><\/strong> auttaa sinua mm. seuraavissa asioissa<\/p>\n<ul>\n<li><a href=\"http:\/\/www.nyrkkeilyliitto.com\/nyrkkeilyinfo\/lisenssit-ja-lomakkeet\/\" target=\"_blank\">lisenssien hankinnassa<\/a><\/li>\n<li><a href=\"http:\/\/www.nyrkkeilyliitto.com\/nyrkkeilyinfo\/nyrkkeilyn-esittely\/\" target=\"_blank\">lajin esittelyss\u00e4<\/a><\/li>\n<\/ul>\n<p>sek\u00e4 monissa muissa asioissa.<\/p>\n<p><!--more--><strong><a href=\"http:\/\/www.boxing.fi\" target=\"_blank\"><\/a><\/strong><\/p>\n<p><strong><a href=\"http:\/\/www.boxing.fi\" target=\"_blank\">Boxing.fi<\/a><\/strong> on suomen nyrkkeilykeskustelun p\u00e4\u00e4paikka, jossa tietoa jaetaan mielell\u00e4\u00e4n.<\/p>\n<ul>\n<li><a href=\"http:\/\/boxing.fi\/foorumi\/index.php\" target=\"_blank\">foorumiin<\/a><\/li>\n<\/ul>\n","protected":false},"excerpt":{"rendered":"","protected":false},"author":1,"featured_media":0,"parent":20,"menu_order":0,"comment_status":"open","ping_status":"closed","template":"yksittainen-sivu.php","meta":{"ngg_post_thumbnail":0,"footnotes":""},"yoast_head":"<!-- This site is optimized with the Yoast SEO plugin v20.1 - https:\/\/yoast.com\/wordpress\/plugins\/seo\/ -->\n<title>Linkit - Kajaanin Kuohu<\/title>\n<meta name=\"robots\" content=\"index, follow, max-snippet:-1, max-image-preview:large, max-video-preview:-1\" \/>\n<link rel=\"canonical\" href=\"https:\/\/www.kajaaninkuohu.fi\/?page_id=154\" \/>\n<meta property=\"og:locale\" content=\"fi_FI\" \/>\n<meta property=\"og:type\" content=\"article\" \/>\n<meta property=\"og:title\" content=\"Linkit - Kajaanin Kuohu\" \/>\n<meta property=\"og:url\" content=\"https:\/\/www.kajaaninkuohu.fi\/?page_id=154\" \/>\n<meta property=\"og:site_name\" content=\"Kajaanin Kuohu\" \/>\n<meta property=\"article:modified_time\" content=\"2011-02-24T14:25:05+00:00\" \/>\n<meta name=\"twitter:card\" content=\"summary_large_image\" \/>\n<script type=\"application\/ld+json\" class=\"yoast-schema-graph\">{\"@context\":\"https:\/\/schema.org\",\"@graph\":[{\"@type\":\"WebPage\",\"@id\":\"https:\/\/www.kajaaninkuohu.fi\/?page_id=154\",\"url\":\"https:\/\/www.kajaaninkuohu.fi\/?page_id=154\",\"name\":\"Linkit - Kajaanin Kuohu\",\"isPartOf\":{\"@id\":\"https:\/\/www.kajaaninkuohu.fi\/#website\"},\"datePublished\":\"2010-10-14T09:42:33+00:00\",\"dateModified\":\"2011-02-24T14:25:05+00:00\",\"breadcrumb\":{\"@id\":\"https:\/\/www.kajaaninkuohu.fi\/?page_id=154#breadcrumb\"},\"inLanguage\":\"fi\",\"potentialAction\":[{\"@type\":\"ReadAction\",\"target\":[\"https:\/\/www.kajaaninkuohu.fi\/?page_id=154\"]}]},{\"@type\":\"BreadcrumbList\",\"@id\":\"https:\/\/www.kajaaninkuohu.fi\/?page_id=154#breadcrumb\",\"itemListElement\":[{\"@type\":\"ListItem\",\"position\":1,\"name\":\"Etusivu\",\"item\":\"https:\/\/www.kajaaninkuohu.fi\/\"},{\"@type\":\"ListItem\",\"position\":2,\"name\":\"Toiminta\",\"item\":\"https:\/\/www.kajaaninkuohu.fi\/?page_id=16\"},{\"@type\":\"ListItem\",\"position\":3,\"name\":\"Nyrkkeily\",\"item\":\"https:\/\/www.kajaaninkuohu.fi\/?page_id=20\"},{\"@type\":\"ListItem\",\"position\":4,\"name\":\"Linkit\"}]},{\"@type\":\"WebSite\",\"@id\":\"https:\/\/www.kajaaninkuohu.fi\/#website\",\"url\":\"https:\/\/www.kajaaninkuohu.fi\/\",\"name\":\"Kajaanin Kuohu\",\"description\":\"Urheiluseura\",\"potentialAction\":[{\"@type\":\"SearchAction\",\"target\":{\"@type\":\"EntryPoint\",\"urlTemplate\":\"https:\/\/www.kajaaninkuohu.fi\/?s={search_term_string}\"},\"query-input\":\"required name=search_term_string\"}],\"inLanguage\":\"fi\"}]}<\/script>\n<!-- \/ Yoast SEO plugin. -->","yoast_head_json":{"title":"Linkit - Kajaanin Kuohu","robots":{"index":"index","follow":"follow","max-snippet":"max-snippet:-1","max-image-preview":"max-image-preview:large","max-video-preview":"max-video-preview:-1"},"canonical":"https:\/\/www.kajaaninkuohu.fi\/?page_id=154","og_locale":"fi_FI","og_type":"article","og_title":"Linkit - Kajaanin Kuohu","og_url":"https:\/\/www.kajaaninkuohu.fi\/?page_id=154","og_site_name":"Kajaanin Kuohu","article_modified_time":"2011-02-24T14:25:05+00:00","twitter_card":"summary_large_image","schema":{"@context":"https:\/\/schema.org","@graph":[{"@type":"WebPage","@id":"https:\/\/www.kajaaninkuohu.fi\/?page_id=154","url":"https:\/\/www.kajaaninkuohu.fi\/?page_id=154","name":"Linkit - Kajaanin Kuohu","isPartOf":{"@id":"https:\/\/www.kajaaninkuohu.fi\/#website"},"datePublished":"2010-10-14T09:42:33+00:00","dateModified":"2011-02-24T14:25:05+00:00","breadcrumb":{"@id":"https:\/\/www.kajaaninkuohu.fi\/?page_id=154#breadcrumb"},"inLanguage":"fi","potentialAction":[{"@type":"ReadAction","target":["https:\/\/www.kajaaninkuohu.fi\/?page_id=154"]}]},{"@type":"BreadcrumbList","@id":"https:\/\/www.kajaaninkuohu.fi\/?page_id=154#breadcrumb","itemListElement":[{"@type":"ListItem","position":1,"name":"Etusivu","item":"https:\/\/www.kajaaninkuohu.fi\/"},{"@type":"ListItem","position":2,"name":"Toiminta","item":"https:\/\/www.kajaaninkuohu.fi\/?page_id=16"},{"@type":"ListItem","position":3,"name":"Nyrkkeily","item":"https:\/\/www.kajaaninkuohu.fi\/?page_id=20"},{"@type":"ListItem","position":4,"name":"Linkit"}]},{"@type":"WebSite","@id":"https:\/\/www.kajaaninkuohu.fi\/#website","url":"https:\/\/www.kajaaninkuohu.fi\/","name":"Kajaanin Kuohu","description":"Urheiluseura","potentialAction":[{"@type":"SearchAction","target":{"@type":"EntryPoint","urlTemplate":"https:\/\/www.kajaaninkuohu.fi\/?s={search_term_string}"},"query-input":"required name=search_term_string"}],"inLanguage":"fi"}]}},"_links":{"self":[{"href":"https:\/\/www.kajaaninkuohu.fi\/index.php?rest_route=\/wp\/v2\/pages\/154"}],"collection":[{"href":"https:\/\/www.kajaaninkuohu.fi\/index.php?rest_route=\/wp\/v2\/pages"}],"about":[{"href":"https:\/\/www.kajaaninkuohu.fi\/index.php?rest_route=\/wp\/v2\/types\/page"}],"author":[{"embeddable":true,"href":"https:\/\/www.kajaaninkuohu.fi\/index.php?rest_route=\/wp\/v2\/users\/1"}],"replies":[{"embeddable":true,"href":"https:\/\/www.kajaaninkuohu.fi\/index.php?rest_route=%2Fwp%2Fv2%2Fcomments&post=154"}],"version-history":[{"count":36,"href":"https:\/\/www.kajaaninkuohu.fi\/index.php?rest_route=\/wp\/v2\/pages\/154\/revisions"}],"predecessor-version":[{"id":425,"href":"https:\/\/www.kajaaninkuohu.fi\/index.php?rest_route=\/wp\/v2\/pages\/154\/revisions\/425"}],"up":[{"embeddable":true,"href":"https:\/\/www.kajaaninkuohu.fi\/index.php?rest_route=\/wp\/v2\/pages\/20"}],"wp:attachment":[{"href":"https:\/\/www.kajaaninkuohu.fi\/index.php?rest_route=%2Fwp%2Fv2%2Fmedia&parent=154"}],"curies":[{"name":"wp","href":"https:\/\/api.w.org\/{rel}","templated":true}]}}