{"id":2077,"date":"2011-03-14T08:14:06","date_gmt":"2011-03-14T08:14:06","guid":{"rendered":"http:\/\/www.kuohu2.kajaani.net\/?page_id=2077"},"modified":"2021-12-18T13:45:41","modified_gmt":"2021-12-18T13:45:41","slug":"jasentietojen-muuttaminen","status":"publish","type":"page","link":"https:\/\/www.kajaaninkuohu.fi\/?page_id=2077","title":{"rendered":"J\u00e4sentietojen muuttaminen"},"content":{"rendered":"<p>&nbsp;<\/p>\n<p>J\u00e4sentiedot kirjataan suoraan SuomiSportin kautta. Pid\u00e4 tietosi SuomiSportissa ajan tasalla!<\/p>\n","protected":false},"excerpt":{"rendered":"<p>&nbsp; J\u00e4sentiedot kirjataan suoraan SuomiSportin kautta. Pid\u00e4 tietosi SuomiSportissa ajan tasalla!<\/p>\n","protected":false},"author":1,"featured_media":0,"parent":0,"menu_order":0,"comment_status":"open","ping_status":"open","template":"yksittainen-sivu-ei-alavalikkoa.php","meta":{"ngg_post_thumbnail":0,"footnotes":""},"yoast_head":"<!-- This site is optimized with the Yoast SEO plugin v20.1 - https:\/\/yoast.com\/wordpress\/plugins\/seo\/ -->\n<title>J\u00e4sentietojen muuttaminen - Kajaanin Kuohu<\/title>\n<meta name=\"robots\" content=\"index, follow, max-snippet:-1, max-image-preview:large, max-video-preview:-1\" \/>\n<link rel=\"canonical\" href=\"https:\/\/www.kajaaninkuohu.fi\/?page_id=2077\" \/>\n<meta property=\"og:locale\" content=\"fi_FI\" \/>\n<meta property=\"og:type\" content=\"article\" \/>\n<meta property=\"og:title\" content=\"J\u00e4sentietojen muuttaminen - Kajaanin Kuohu\" \/>\n<meta property=\"og:description\" content=\"&nbsp; J\u00e4sentiedot kirjataan suoraan SuomiSportin kautta. Pid\u00e4 tietosi SuomiSportissa ajan tasalla!\" \/>\n<meta property=\"og:url\" content=\"https:\/\/www.kajaaninkuohu.fi\/?page_id=2077\" \/>\n<meta property=\"og:site_name\" content=\"Kajaanin Kuohu\" \/>\n<meta property=\"article:modified_time\" content=\"2021-12-18T13:45:41+00:00\" \/>\n<meta name=\"twitter:card\" content=\"summary_large_image\" \/>\n<script type=\"application\/ld+json\" class=\"yoast-schema-graph\">{\"@context\":\"https:\/\/schema.org\",\"@graph\":[{\"@type\":\"WebPage\",\"@id\":\"https:\/\/www.kajaaninkuohu.fi\/?page_id=2077\",\"url\":\"https:\/\/www.kajaaninkuohu.fi\/?page_id=2077\",\"name\":\"J\u00e4sentietojen muuttaminen - Kajaanin Kuohu\",\"isPartOf\":{\"@id\":\"https:\/\/www.kajaaninkuohu.fi\/#website\"},\"datePublished\":\"2011-03-14T08:14:06+00:00\",\"dateModified\":\"2021-12-18T13:45:41+00:00\",\"breadcrumb\":{\"@id\":\"https:\/\/www.kajaaninkuohu.fi\/?page_id=2077#breadcrumb\"},\"inLanguage\":\"fi\",\"potentialAction\":[{\"@type\":\"ReadAction\",\"target\":[\"https:\/\/www.kajaaninkuohu.fi\/?page_id=2077\"]}]},{\"@type\":\"BreadcrumbList\",\"@id\":\"https:\/\/www.kajaaninkuohu.fi\/?page_id=2077#breadcrumb\",\"itemListElement\":[{\"@type\":\"ListItem\",\"position\":1,\"name\":\"Etusivu\",\"item\":\"https:\/\/www.kajaaninkuohu.fi\/\"},{\"@type\":\"ListItem\",\"position\":2,\"name\":\"J\u00e4sentietojen muuttaminen\"}]},{\"@type\":\"WebSite\",\"@id\":\"https:\/\/www.kajaaninkuohu.fi\/#website\",\"url\":\"https:\/\/www.kajaaninkuohu.fi\/\",\"name\":\"Kajaanin Kuohu\",\"description\":\"Urheiluseura\",\"potentialAction\":[{\"@type\":\"SearchAction\",\"target\":{\"@type\":\"EntryPoint\",\"urlTemplate\":\"https:\/\/www.kajaaninkuohu.fi\/?s={search_term_string}\"},\"query-input\":\"required name=search_term_string\"}],\"inLanguage\":\"fi\"}]}<\/script>\n<!-- \/ Yoast SEO plugin. -->","yoast_head_json":{"title":"J\u00e4sentietojen muuttaminen - Kajaanin Kuohu","robots":{"index":"index","follow":"follow","max-snippet":"max-snippet:-1","max-image-preview":"max-image-preview:large","max-video-preview":"max-video-preview:-1"},"canonical":"https:\/\/www.kajaaninkuohu.fi\/?page_id=2077","og_locale":"fi_FI","og_type":"article","og_title":"J\u00e4sentietojen muuttaminen - Kajaanin Kuohu","og_description":"&nbsp; J\u00e4sentiedot kirjataan suoraan SuomiSportin kautta. Pid\u00e4 tietosi SuomiSportissa ajan tasalla!","og_url":"https:\/\/www.kajaaninkuohu.fi\/?page_id=2077","og_site_name":"Kajaanin Kuohu","article_modified_time":"2021-12-18T13:45:41+00:00","twitter_card":"summary_large_image","schema":{"@context":"https:\/\/schema.org","@graph":[{"@type":"WebPage","@id":"https:\/\/www.kajaaninkuohu.fi\/?page_id=2077","url":"https:\/\/www.kajaaninkuohu.fi\/?page_id=2077","name":"J\u00e4sentietojen muuttaminen - Kajaanin Kuohu","isPartOf":{"@id":"https:\/\/www.kajaaninkuohu.fi\/#website"},"datePublished":"2011-03-14T08:14:06+00:00","dateModified":"2021-12-18T13:45:41+00:00","breadcrumb":{"@id":"https:\/\/www.kajaaninkuohu.fi\/?page_id=2077#breadcrumb"},"inLanguage":"fi","potentialAction":[{"@type":"ReadAction","target":["https:\/\/www.kajaaninkuohu.fi\/?page_id=2077"]}]},{"@type":"BreadcrumbList","@id":"https:\/\/www.kajaaninkuohu.fi\/?page_id=2077#breadcrumb","itemListElement":[{"@type":"ListItem","position":1,"name":"Etusivu","item":"https:\/\/www.kajaaninkuohu.fi\/"},{"@type":"ListItem","position":2,"name":"J\u00e4sentietojen muuttaminen"}]},{"@type":"WebSite","@id":"https:\/\/www.kajaaninkuohu.fi\/#website","url":"https:\/\/www.kajaaninkuohu.fi\/","name":"Kajaanin Kuohu","description":"Urheiluseura","potentialAction":[{"@type":"SearchAction","target":{"@type":"EntryPoint","urlTemplate":"https:\/\/www.kajaaninkuohu.fi\/?s={search_term_string}"},"query-input":"required name=search_term_string"}],"inLanguage":"fi"}]}},"_links":{"self":[{"href":"https:\/\/www.kajaaninkuohu.fi\/index.php?rest_route=\/wp\/v2\/pages\/2077"}],"collection":[{"href":"https:\/\/www.kajaaninkuohu.fi\/index.php?rest_route=\/wp\/v2\/pages"}],"about":[{"href":"https:\/\/www.kajaaninkuohu.fi\/index.php?rest_route=\/wp\/v2\/types\/page"}],"author":[{"embeddable":true,"href":"https:\/\/www.kajaaninkuohu.fi\/index.php?rest_route=\/wp\/v2\/users\/1"}],"replies":[{"embeddable":true,"href":"https:\/\/www.kajaaninkuohu.fi\/index.php?rest_route=%2Fwp%2Fv2%2Fcomments&post=2077"}],"version-history":[{"count":4,"href":"https:\/\/www.kajaaninkuohu.fi\/index.php?rest_route=\/wp\/v2\/pages\/2077\/revisions"}],"predecessor-version":[{"id":10157,"href":"https:\/\/www.kajaaninkuohu.fi\/index.php?rest_route=\/wp\/v2\/pages\/2077\/revisions\/10157"}],"wp:attachment":[{"href":"https:\/\/www.kajaaninkuohu.fi\/index.php?rest_route=%2Fwp%2Fv2%2Fmedia&parent=2077"}],"curies":[{"name":"wp","href":"https:\/\/api.w.org\/{rel}","templated":true}]}}