{"id":214,"date":"2010-10-19T10:16:38","date_gmt":"2010-10-19T10:16:38","guid":{"rendered":"http:\/\/www.kuohu2.kajaani.net\/?page_id=214"},"modified":"2025-03-21T12:05:35","modified_gmt":"2025-03-21T12:05:35","slug":"ohjeet","status":"publish","type":"page","link":"https:\/\/www.kajaaninkuohu.fi\/?page_id=214","title":{"rendered":"Ohjeet"},"content":{"rendered":"<h1 style=\"margin-bottom: 40px;\">Kuohun seuran ohjeita ja sopimuksia<\/h1>\n<div class=\"title\">\n<div style=\"height: 100%\"><input class=\"openBox\" type=\"checkbox\"><\/p>\n<h2 style=\"margin-top: 20px;\">Seuratoimijan ohjeet<\/h2>\n<div class=\"arrow\"><\/div>\n<div class=\"text\" style=\"overflow-y: hidden;\">\n<iframe src=\"https:\/\/www.kajaaninkuohu.fi\/wp-content\/uploads\/Seuratoimijan-ohjeet2.pdf#zoom75\" title=\"Seurantoimijan ohjeet\" style=\"width:100%; height:100%;\"><\/iframe>\n<\/div>\n<\/div>\n<\/div>\n<div class=\"title\">\n<div style=\"height: 100%\"><input class=\"openBox\" type=\"checkbox\"><\/p>\n<h2 style=\"margin-top: 20px;\">Seuran s\u00e4\u00e4nn\u00f6t<\/h2>\n<div class=\"arrow\"><\/div>\n<div class=\"text\" style=\"overflow-y: hidden;\">\n<iframe src=\"https:\/\/www.kajaaninkuohu.fi\/wp-content\/uploads\/Kuohun-saannot.pdf#zoom75\" title=\"Seuran s\u00e4\u00e4nn\u00f6t\" style=\"width:100%; height:100%;\"><\/iframe>\n<\/div>\n<\/div>\n<\/div>\n<div class=\"title\">\n<div style=\"height: 100%\"><input class=\"openBox\" type=\"checkbox\"><\/p>\n<h2 style=\"margin-top: 20px;\">Urheilijoiden antidopingsopimus<\/h2>\n<div class=\"arrow\"><\/div>\n<div class=\"text\" style=\"overflow-y: hidden;\">\n<iframe src=\"https:\/\/www.kajaaninkuohu.fi\/wp-content\/uploads\/kajku-antidopingsopimus.pdf#zoom75\" title=\"Antidopingsopimus\" style=\"width:100%; height:100%;\"><\/iframe>\n<\/div>\n<\/div>\n<\/div>\n<div class=\"title\">\n<div style=\"height: 100%\"><input class=\"openBox\" type=\"checkbox\"><\/p>\n<h2 style=\"margin-top: 20px;\">Seuran tasa-arvo s\u00e4\u00e4nn\u00f6t<\/h2>\n<div class=\"arrow\"><\/div>\n<div class=\"text\" style=\"overflow-y: hidden;\">\n<ol>\n<li>1. Seuran viestinn\u00e4ss\u00e4 tuodaan esille eri-ik\u00e4isi\u00e4, eritasoisia, urheilijoita, toimijoita ja harrastajia \u2013 sek\u00e4 naisia ja miehi\u00e4.<\/li>\n<li>2. Ker\u00e4t\u00e4\u00e4n tilastoja urheilijoidemme osallistumisesta sek\u00e4 menestymisest\u00e4. N\u00e4in voidaan konkreettisesti seurata tasa-arvon toteutumista.<\/li>\n<li>3. Hallitukselle, seuran ty\u00f6ntekij\u00f6ille, valmentajille ja ohjaajille j\u00e4rjestet\u00e4\u00e4n koulutus yhdenvertaisen ja tasa-arvoisen urheilun sis\u00e4ll\u00f6ist\u00e4, merkityksest\u00e4 ja arjen valinnoista. On t\u00e4rke\u00e4\u00e4, ett\u00e4 seuran johto sitoutuu ja n\u00e4ytt\u00e4\u00e4 esimerkki\u00e4.<\/li>\n<li>4. Valvotaan seuran somek\u00e4ytt\u00e4ytymisen tasa-arvoista viestint\u00e4\u00e4 kaikkia kohtaan.<\/li>\n<li>5. J\u00e4rjestet\u00e4\u00e4n saavutettavia urheilutapahtumia kaikille ik\u00e4ryhmille sukupuoleen, etniseen taustaan, ihonv\u00e4riin tai uskontoon katsomatta.<\/li>\n<li>6. Urheilijat palkitaan tasapuolisesti ik\u00e4ryhm\u00e4\u00e4n, sukupuoleen, etniseen taustaan, ihonv\u00e4riin tai uskontoon katsomatta.<\/li>\n<li>7. Mahdollistetaan kaikille j\u00e4senille tasapuolinen osallistuminen p\u00e4\u00e4t\u00f6ksentekoon.<\/li>\n<\/ol>\n<p> -Johtokunta\n<\/p><\/div>\n<\/div>\n<\/div>\n<p>&nbsp;<\/p>\n","protected":false},"excerpt":{"rendered":"<p>Kuohun seuran ohjeita ja sopimuksia Seuratoimijan ohjeet Seuran s\u00e4\u00e4nn\u00f6t Urheilijoiden antidopingsopimus Seuran tasa-arvo s\u00e4\u00e4nn\u00f6t 1. Seuran viestinn\u00e4ss\u00e4 tuodaan esille eri-ik\u00e4isi\u00e4,<br \/><a class=\"lue-lisaa\" href=\"https:\/\/www.kajaaninkuohu.fi\/?page_id=214\">Lue lis&auml;&auml; &raquo;<\/a><\/p>\n","protected":false},"author":1,"featured_media":0,"parent":209,"menu_order":0,"comment_status":"open","ping_status":"open","template":"yksittainen-sivu.php","meta":{"ngg_post_thumbnail":0,"footnotes":""},"yoast_head":"<!-- This site is optimized with the Yoast SEO plugin v20.1 - https:\/\/yoast.com\/wordpress\/plugins\/seo\/ -->\n<title>Ohjeet - Kajaanin Kuohu<\/title>\n<meta name=\"robots\" content=\"index, follow, max-snippet:-1, max-image-preview:large, max-video-preview:-1\" \/>\n<link rel=\"canonical\" href=\"https:\/\/www.kajaaninkuohu.fi\/?page_id=214\" \/>\n<meta property=\"og:locale\" content=\"fi_FI\" \/>\n<meta property=\"og:type\" content=\"article\" \/>\n<meta property=\"og:title\" content=\"Ohjeet - Kajaanin Kuohu\" \/>\n<meta property=\"og:description\" content=\"Kuohun seuran ohjeita ja sopimuksia Seuratoimijan ohjeet Seuran s\u00e4\u00e4nn\u00f6t Urheilijoiden antidopingsopimus Seuran tasa-arvo s\u00e4\u00e4nn\u00f6t 1. Seuran viestinn\u00e4ss\u00e4 tuodaan esille eri-ik\u00e4isi\u00e4,Lue lis&auml;&auml; &raquo;\" \/>\n<meta property=\"og:url\" content=\"https:\/\/www.kajaaninkuohu.fi\/?page_id=214\" \/>\n<meta property=\"og:site_name\" content=\"Kajaanin Kuohu\" \/>\n<meta property=\"article:modified_time\" content=\"2025-03-21T12:05:35+00:00\" \/>\n<meta name=\"twitter:card\" content=\"summary_large_image\" \/>\n<meta name=\"twitter:label1\" content=\"Arvioitu lukuaika\" \/>\n\t<meta name=\"twitter:data1\" content=\"1 minuutti\" \/>\n<script type=\"application\/ld+json\" class=\"yoast-schema-graph\">{\"@context\":\"https:\/\/schema.org\",\"@graph\":[{\"@type\":\"WebPage\",\"@id\":\"https:\/\/www.kajaaninkuohu.fi\/?page_id=214\",\"url\":\"https:\/\/www.kajaaninkuohu.fi\/?page_id=214\",\"name\":\"Ohjeet - Kajaanin Kuohu\",\"isPartOf\":{\"@id\":\"https:\/\/www.kajaaninkuohu.fi\/#website\"},\"datePublished\":\"2010-10-19T10:16:38+00:00\",\"dateModified\":\"2025-03-21T12:05:35+00:00\",\"breadcrumb\":{\"@id\":\"https:\/\/www.kajaaninkuohu.fi\/?page_id=214#breadcrumb\"},\"inLanguage\":\"fi\",\"potentialAction\":[{\"@type\":\"ReadAction\",\"target\":[\"https:\/\/www.kajaaninkuohu.fi\/?page_id=214\"]}]},{\"@type\":\"BreadcrumbList\",\"@id\":\"https:\/\/www.kajaaninkuohu.fi\/?page_id=214#breadcrumb\",\"itemListElement\":[{\"@type\":\"ListItem\",\"position\":1,\"name\":\"Etusivu\",\"item\":\"https:\/\/www.kajaaninkuohu.fi\/\"},{\"@type\":\"ListItem\",\"position\":2,\"name\":\"Kuohu\",\"item\":\"https:\/\/www.kajaaninkuohu.fi\/?page_id=209\"},{\"@type\":\"ListItem\",\"position\":3,\"name\":\"Ohjeet\"}]},{\"@type\":\"WebSite\",\"@id\":\"https:\/\/www.kajaaninkuohu.fi\/#website\",\"url\":\"https:\/\/www.kajaaninkuohu.fi\/\",\"name\":\"Kajaanin Kuohu\",\"description\":\"Urheiluseura\",\"potentialAction\":[{\"@type\":\"SearchAction\",\"target\":{\"@type\":\"EntryPoint\",\"urlTemplate\":\"https:\/\/www.kajaaninkuohu.fi\/?s={search_term_string}\"},\"query-input\":\"required name=search_term_string\"}],\"inLanguage\":\"fi\"}]}<\/script>\n<!-- \/ Yoast SEO plugin. -->","yoast_head_json":{"title":"Ohjeet - Kajaanin Kuohu","robots":{"index":"index","follow":"follow","max-snippet":"max-snippet:-1","max-image-preview":"max-image-preview:large","max-video-preview":"max-video-preview:-1"},"canonical":"https:\/\/www.kajaaninkuohu.fi\/?page_id=214","og_locale":"fi_FI","og_type":"article","og_title":"Ohjeet - Kajaanin Kuohu","og_description":"Kuohun seuran ohjeita ja sopimuksia Seuratoimijan ohjeet Seuran s\u00e4\u00e4nn\u00f6t Urheilijoiden antidopingsopimus Seuran tasa-arvo s\u00e4\u00e4nn\u00f6t 1. Seuran viestinn\u00e4ss\u00e4 tuodaan esille eri-ik\u00e4isi\u00e4,Lue lis&auml;&auml; &raquo;","og_url":"https:\/\/www.kajaaninkuohu.fi\/?page_id=214","og_site_name":"Kajaanin Kuohu","article_modified_time":"2025-03-21T12:05:35+00:00","twitter_card":"summary_large_image","twitter_misc":{"Arvioitu lukuaika":"1 minuutti"},"schema":{"@context":"https:\/\/schema.org","@graph":[{"@type":"WebPage","@id":"https:\/\/www.kajaaninkuohu.fi\/?page_id=214","url":"https:\/\/www.kajaaninkuohu.fi\/?page_id=214","name":"Ohjeet - Kajaanin Kuohu","isPartOf":{"@id":"https:\/\/www.kajaaninkuohu.fi\/#website"},"datePublished":"2010-10-19T10:16:38+00:00","dateModified":"2025-03-21T12:05:35+00:00","breadcrumb":{"@id":"https:\/\/www.kajaaninkuohu.fi\/?page_id=214#breadcrumb"},"inLanguage":"fi","potentialAction":[{"@type":"ReadAction","target":["https:\/\/www.kajaaninkuohu.fi\/?page_id=214"]}]},{"@type":"BreadcrumbList","@id":"https:\/\/www.kajaaninkuohu.fi\/?page_id=214#breadcrumb","itemListElement":[{"@type":"ListItem","position":1,"name":"Etusivu","item":"https:\/\/www.kajaaninkuohu.fi\/"},{"@type":"ListItem","position":2,"name":"Kuohu","item":"https:\/\/www.kajaaninkuohu.fi\/?page_id=209"},{"@type":"ListItem","position":3,"name":"Ohjeet"}]},{"@type":"WebSite","@id":"https:\/\/www.kajaaninkuohu.fi\/#website","url":"https:\/\/www.kajaaninkuohu.fi\/","name":"Kajaanin Kuohu","description":"Urheiluseura","potentialAction":[{"@type":"SearchAction","target":{"@type":"EntryPoint","urlTemplate":"https:\/\/www.kajaaninkuohu.fi\/?s={search_term_string}"},"query-input":"required name=search_term_string"}],"inLanguage":"fi"}]}},"_links":{"self":[{"href":"https:\/\/www.kajaaninkuohu.fi\/index.php?rest_route=\/wp\/v2\/pages\/214"}],"collection":[{"href":"https:\/\/www.kajaaninkuohu.fi\/index.php?rest_route=\/wp\/v2\/pages"}],"about":[{"href":"https:\/\/www.kajaaninkuohu.fi\/index.php?rest_route=\/wp\/v2\/types\/page"}],"author":[{"embeddable":true,"href":"https:\/\/www.kajaaninkuohu.fi\/index.php?rest_route=\/wp\/v2\/users\/1"}],"replies":[{"embeddable":true,"href":"https:\/\/www.kajaaninkuohu.fi\/index.php?rest_route=%2Fwp%2Fv2%2Fcomments&post=214"}],"version-history":[{"count":36,"href":"https:\/\/www.kajaaninkuohu.fi\/index.php?rest_route=\/wp\/v2\/pages\/214\/revisions"}],"predecessor-version":[{"id":10789,"href":"https:\/\/www.kajaaninkuohu.fi\/index.php?rest_route=\/wp\/v2\/pages\/214\/revisions\/10789"}],"up":[{"embeddable":true,"href":"https:\/\/www.kajaaninkuohu.fi\/index.php?rest_route=\/wp\/v2\/pages\/209"}],"wp:attachment":[{"href":"https:\/\/www.kajaaninkuohu.fi\/index.php?rest_route=%2Fwp%2Fv2%2Fmedia&parent=214"}],"curies":[{"name":"wp","href":"https:\/\/api.w.org\/{rel}","templated":true}]}}