{"id":216,"date":"2010-10-19T10:16:54","date_gmt":"2010-10-19T10:16:54","guid":{"rendered":"http:\/\/www.kuohu2.kajaani.net\/?page_id=216"},"modified":"2022-09-11T14:44:03","modified_gmt":"2022-09-11T14:44:03","slug":"historia","status":"publish","type":"page","link":"https:\/\/www.kajaaninkuohu.fi\/?page_id=216","title":{"rendered":"Historia"},"content":{"rendered":"<h2>Historia<\/h2>\n<p>T\u00e4lle sivulle on ker\u00e4tty tarinoita Kuohun historiasta<\/p>\n<ul>\n<li>\n<div class=\"title\">\n<div style=\"height: 100%\"><input class=\"openBox\" type=\"checkbox\"><\/p>\n<h2>Seuran perustaja muistelee<\/h2>\n<div class=\"arrow\"><\/div>\n<div class=\"text\">\n<p><img loading=\"lazy\" decoding=\"async\" src=\"https:\/\/www.kajaaninkuohu.fi\/wp-content\/uploads\/vaino_ritokari.png\" alt=\"\" width=\"379\" height=\"131\" \/><\/p>\n<p>Kajaaniin tuloni j\u00e4lkeen vuonna 1932 syksyll\u00e4 aloin ihmetell\u00e4, miksi t\u00e4\u00e4ll\u00e4 on kaikki ty\u00f6v\u00e4en j\u00e4rjest\u00f6el\u00e4m\u00e4 nukuksissa.  Toiminnassa oli vain Kajaanin Sos.dem.yhdistys.N\u00e4iss\u00e4 piireiss\u00e4 minulle kerrottiin, ett\u00e4 kaikki \u00e4\u00e4rivasemmistolaisyhdistysten ja seurojen toiminta on lakkautettu ja kielletty. Ty\u00f6v\u00e4entalo oli myyty kaupungille. Otin talven aikana selv\u00e4\u00e4 paikallisilta asukkailta ja urheilusta kiinnostuneilta henkil\u00f6ilt\u00e4, ett\u00e4 eik\u00f6 t\u00e4nne voitaisi perustaa uutta TUL:n alaista seuraa. Melkein poikkeuksetta kaikkien vastaus oli sama, elikk\u00e4, ett\u00e4 silloinen poliisip\u00e4\u00e4llikk\u00f6 ei antaisi siihen lupaa. Tuli kev\u00e4t ja puroissa vedet alkoivat virtailla. Samanaikaisesti ilmestyiv\u00e4t Kajaanin Kipin\u00e4n pojat jalkapalloharjoitteluun palokunnan talon l\u00e4hist\u00f6ll\u00e4 olevalle kent\u00e4n pahaselle. Mutta silloin minun sisimm\u00e4ss\u00e4ni kuohahti jotain ja t\u00e4m\u00e4 tiesi sit\u00e4, ett\u00e4 seuraavana p\u00e4iv\u00e4n\u00e4, kun lopetin ty\u00f6ni ja l\u00e4ksin kotimatkalle, suuntasinkin askeleeni poliisilaitokselle.<\/p>\n<p>Pyysin siell\u00e4 p\u00e4\u00e4st\u00e4 itsens\u00e4 poliisimestarin puheille. T\u00e4m\u00e4 tilaisuus minulle sitten my\u00f6nnettiinkin. Kun olin esitellyt asiani ja kysynyt, ett\u00e4 onko tosiaan t\u00e4\u00e4ll\u00e4 Kajaanissa asiat niin jumissa, ett\u00e4 t\u00e4\u00e4ll\u00e4 ei suvaita TUL:n alaista urheiluseuraa ja ett\u00e4 Te herra poliisip\u00e4\u00e4llikk\u00f6, olette kuulema se henkil\u00f6, joka haluatte est\u00e4\u00e4 t\u00e4m\u00e4n. Poliisip\u00e4\u00e4llikk\u00f6 ihmetteli, ett\u00e4 mist\u00e4 min\u00e4 olin saanut t\u00e4m\u00e4n tapaisia tietoja. Sitten h\u00e4n antoi minulle selv\u00e4n vihjeen, ett\u00e4 jos min\u00e4 haluan l\u00e4hte\u00e4 perustamaan Kajaaniin TUL:n alaista seuraa niin minun on ensimm\u00e4iseksi l\u00f6ydett\u00e4v\u00e4 Kajaanista kymmenen sellaista henkil\u00f6\u00e4, jotka eiv\u00e4t olisi kuuluneet lakkautettuun Kisaan, ja jos t\u00e4ss\u00e4 tulisin onnistumaan h\u00e4n tulisi silitt\u00e4m\u00e4\u00e4n minun p\u00e4\u00e4t\u00e4ni ja tulisi uuden seuran j\u00e4rjest\u00e4miin kilpailuihin katsojana. Nyt ja aivan yhdell\u00e4 iskulla oli kaikki minulle selvinnyt, joten toimeksi sill\u00e4 tie oli avoin. Ensimm\u00e4isen perustavan kokouksen kutsuin koolle Purolaan ja l\u00e4hemmin Matti Pulkkilan kotiin. Kokoukseen saapui noin 30 osaanottajaa, mutta noin 80% heist\u00e4 oli entisi\u00e4 kisalaisia. En kumminkaan lannistunut vaan rupesin etsim\u00e4\u00e4n henkil\u00f6it\u00e4, jotka olisivat vapaat kaikenlaisesta j\u00e4rjest\u00f6toiminnasta Kajaanissa. Kun sitten n\u00e4m\u00e4 henkil\u00f6t olin l\u00f6yt\u00e4nyt kutsuin uuden perustavan kokouksen omaan kotiini. Seuran nimenkin olin jo ajatellut valmiiksi, Kuohu. Elelimmeh\u00e4n Kajaanin kosken kuohujen l\u00e4heisyydess\u00e4. Perustava kokous siis pidettiin ja valittiin johtokunta sellaisista henkil\u00f6ist\u00e4 joilla oli &#8221;puhtaat&#8221; paperit. V\u00e4litt\u00f6m\u00e4sti t\u00e4m\u00e4n j\u00e4lkeen johtokunnan nimiluettelo mukanani menin taas poliisilaitokselle ja esitin poliisimestarille listani. Listani tarkastettuaan poliisip\u00e4\u00e4llikk\u00f6 ei kyll\u00e4k\u00e4\u00e4n silitt\u00e4nyt p\u00e4\u00e4t\u00e4ni, mutta sanoi hyv\u00e4ksyv\u00e4ns\u00e4 sen ja toivoi, ett\u00e4 seuramme rekister\u00f6it\u00e4isiin ja ett\u00e4 p\u00e4\u00e4sisimme toiminnoissamme alkuun. Kun sitten rekisteripaperit olimme saaneet j\u00e4tetty\u00e4 aloitimme heti varsinaisen toimintamme. Ensimm\u00e4isen\u00e4 oli l\u00f6yt\u00e4\u00e4 huoneisto. T\u00e4m\u00e4, vaikka vaatimattomanakin, l\u00f6ytyi aivan l\u00e4helt\u00e4 silloista asuntoani er\u00e4\u00e4n talon kellarikerroksesta. Pinta-ala lienee ollut noin 35-40 m2. T\u00e4ss\u00e4 kellarihuoneessa oli onneksi permanto ja kaminal\u00e4mmitys. Toimintamme aloitimme loppukes\u00e4ll\u00e4 voimisteluohjelmalla.<\/p>\n<p>Vaimoni ohjaili naisvoimistelijoita ja min\u00e4 pidin huolen miesten sellaisesta. Voimistelijoita kertyi joka harjoitteluilta tuvan t\u00e4ydelt\u00e4. Voimisteluharjoitteluiltojemme yhteydess\u00e4 alkoi seuraamme liitty\u00e4 yh\u00e4 enemm\u00e4n ja enemm\u00e4n j\u00e4seni\u00e4, mutta n\u00e4itten kohdalla olimme hiukan varovaisia, koska seuramme rekister\u00f6iminen oli viel\u00e4 ep\u00e4varmaa ja ett\u00e4 poliisip\u00e4\u00e4llikk\u00f6 ei p\u00e4\u00e4sisi puuttumaan asiaan kesken kaiken. T\u00e4m\u00e4 varovaisuutemme ymm\u00e4rrettiin pyrkij\u00f6itten keskuudessa. Mutta nyt oli tilanne se, ett\u00e4 jos p\u00e4\u00e4st\u00e4 jollakin tavalla taloudellisesti alkuun, oli keksittav\u00e4 jotain keinoja mill\u00e4 saisimme rahaa. M\u00e4\u00e4r\u00e4\u00e4m\u00e4ll\u00e4mme j\u00e4senmaksulla joka oli 2,50 kuukaudessa ei pitk\u00e4lle p\u00f6tkitt\u00e4isi. Ehdotin pienten &#8221;perhehippojen&#8221; j\u00e4rjest\u00e4mist\u00e4 kellarihuoneistossamme. Mutta, koska tanssi oli n\u00e4iss\u00e4 keimeiss\u00e4 ensimm\u00e4inen ehto perustin 4-miehisen orkesterin. Muutamien harjoitustemme j\u00e4lkeen saimme orkesterimme sill\u00e4 lailla pelaamaan, ett\u00e4 jo parin viikon kuluttua olivat ensimm\u00e4iset perhejuhlat &#8221;suljettuina&#8221;\u00a0 ja taaskin tupa oli t\u00e4ynn\u00e4. Sis\u00e4\u00e4np\u00e4\u00e4symaksua kannoimme muistaakseni 2 markkaa. Lis\u00e4ksi pidimme jonkinlaisia myyntikampanjoita. T\u00e4ll\u00e4 tavalla toimien alkoi rahamassimme kasvaa. Sitten er\u00e4\u00e4n\u00e4 p\u00e4iv\u00e4n\u00e4 sattui silmiini TUL-lehdess\u00e4 ilmoitus, jossa Ykspihljan Reima ilmoitti myyv\u00e4ns\u00e4 k\u00e4ytetyn painimaton. Kokouksessa sitten k\u00e4siteltiin asiaa ja p\u00e4\u00e4timme ostaa sen. Kun pistimme sen painikuntoon, niin se t\u00e4ytti melkein koko permantotilamme. Permannon toiseen reunaan j\u00e4i vapaata tilaa vain noin metrin verran, johonka juuri mahtuivat kamina ja jonkinlainen pellist\u00e4 teett\u00e4m\u00e4mme huuhteluallas. Heti kun maton saapumisesta oli saatu vihjeit\u00e4, oli matolla harjoittelijoita v\u00e4h\u00e4n liikaakin. Nuorempien harjoittelijoitten vet\u00e4jiksi ilmoittautuvat sellaiset painin veteraanit kuin Ville Mikkonen, Huuko Tirkkonen, Tatu Kyyri\u00e4inen ja monet muut. Samanaikaisesti hankimme my\u00f6skin muutamia pareja nyrkkeilyhanskoja ja n\u00e4in k\u00e4ynnistyiv\u00e4t my\u00f6skin nyrkkeilyharjoittelut.<\/p>\n<p>N\u00e4ihin samoihin aikoihin olimme my\u00f6skin hakeneet jo kaupungin urheilulautakunnalta urheilukent\u00e4lle harjoittelu- ja kilpailujen pito-oikeuksia, jotka meille sitten kev\u00e4tkes\u00e4ll\u00e4 my\u00f6nnettiinkin. Kun sitten syksymm\u00e4ll\u00e4 rekisteripaperit saapuivat hyv\u00e4ksyttyin\u00e4, ehk\u00e4 noin 26.11.1933, aloitimme j\u00e4senhankinnat. J\u00e4seni\u00e4 liittyikin sitten melko tiiviiss\u00e4 tahdissa. Ja kun sitten aikaisin kev\u00e4\u00e4ll\u00e4 seurallemme tuli ilmoitus urheilukent\u00e4n k\u00e4ytt\u00f6vuoroista, oli jo kev\u00e4t niin pitk\u00e4ll\u00e4 ett\u00e4 aloitimme pes\u00e4palloharjoittelulla ja olimme melkeinp\u00e4 samassa asemassa kuin Kipin\u00e4nkin pojat. Samanaikaisesti kun olimme saaneet pes\u00e4palloharjoitukset k\u00e4yntiin, jos kohta hiukan my\u00f6hemmin, aloitimme my\u00f6skin yleisurheilun harjoittelun, ja n\u00e4itten harjoitteluiden k\u00e4rjess\u00e4 olivat silloin Aleksi Lepp\u00e4nen ja Eino Helppi. Ja jos en nyt aivan v\u00e4\u00e4rin muista, niin jo samana kes\u00e4n\u00e4 j\u00e4rjestimme ensimm\u00e4iset j\u00e4sentenv\u00e4liset yleisurheilukilpailut, kuin my\u00f6skin piirikunnalliset sellaiset. Samoin ja muistaaksen painijat ja nyrkkeilij\u00e4t eiv\u00e4t j\u00e4\u00e4neet yht\u00e4\u00e4n j\u00e4lkeen, vaan samana syksyn\u00e4 esiintyiv\u00e4t hekin kaupungintalon n\u00e4ytt\u00e4m\u00f6ll\u00e4 sek\u00e4 matolla, ett\u00e4 keh\u00e4ss\u00e4. Ja tulkoon t\u00e4ss\u00e4 nyt jo todetuksi, ett\u00e4 poliisip\u00e4\u00e4llikk\u00f6 piti sanansa ja oli aina seuraamassa kilpailujamme, niin kent\u00e4ll\u00e4 kuin sis\u00e4tiloissakin. Koittihan Kuohulle, niin kuin muillekin ty\u00f6v\u00e4enj\u00e4rjest\u00f6ille minun aikanani aika, jolloin p\u00e4\u00e4simme muuttamaan hiukan v\u00e4ljempiin tiloihin Asemakatu 2:een.Mutta ennen kuin t\u00e4m\u00e4 oli mahdollista oli sit\u00e4 ennen tapahtunut niin poliittisella, kuin taloudellisellakin rintamalla paljon. Kun sitten 1.6. 1939 poistuin Kajaanista, oli mieleni jollakin tavalla haikea, mutta iloinen taas siin\u00e4 mieless\u00e4, ett\u00e4 tiesin jotain saaneeni aikaan sill\u00e4 rintamalla jonne kuuluin.<\/p>\n<\/div>\n<\/div>\n<\/div>\n<\/li>\n<li>\n<div class=\"title\">\n<div style=\"height: 100%\"><input class=\"openBox\" type=\"checkbox\"><\/p>\n<h2>Pala Kainuun voimanostohistoriaa<\/h2>\n<div class=\"arrow\"><\/div>\n<div class=\"text\">\n<p><strong>VOIMANOSTON ALKUTAIPALEELTA<\/strong><\/p>\n<p>Kainuussa Voimanoston kilpailutoiminta alkoi vuonna 1976, kun Kajaanin Kuohu j\u00e4rjesti ensimm\u00e4iset TUL:n Kainuun piirin Voimanoston mestaruuskilpailut. Kainuussa Voimanoston kehitys on ollut vuodesta 1976 l\u00e4htien hyv\u00e4ll\u00e4 tasolla ja lajin arvostus on noussut l\u00e4ht\u00f6tasosta huimasti. Arvokisamenestys on ollut kaikki lajit mukaanlukien loistavaa.<\/p>\n<p>J\u00e4rjestelyiss\u00e4 oli mukana silloinen Kuohun puheenjohtaja Erkki Shnoro, Kuohun pitk\u00e4aikainen kuuluttaja Jorma Kr\u00f6ger ja Voimanoston ensiaskeleita ottanut Toivo Kyll\u00f6nen. Mielipiteet jakaantuivat aika voimakkaasti painonnoston ja voimanoston v\u00e4lill\u00e4. Kaikilla edell\u00e4 mainituilla oli painonnostotausta. Shnoro oli Suomen eturivin painonnostajia sarjassa 67,5 kg.<br \/>\nVoimanosto ei ollut piirin lajivalikossa ja v\u00e4\u00e4nt\u00f6\u00e4 k\u00e4ytiin siit\u00e4, onko kysymyksess\u00e4 urheilulaji. Emme antaneet keskustelun h\u00e4irit\u00e4 pyrkimyksi\u00e4mme vaan veimme voimanostolajia m\u00e4\u00e4r\u00e4tietoisesti eteenp\u00e4in yhdess\u00e4<br \/>\npainonnoston kanssa. Monitoimiseura sai lajijaoston nimelt\u00e4\u00e4n Kuohun Painonnosto- ja Voimanostojaoston. My\u00f6hemmin muutimme lajijaoston nimeksi Kuohun Voimailujaosto, mik\u00e4  on edelleen jaoston nimi. Voimanostotoimintaan tuli alkuaikoina mukaan my\u00f6s Uudenkyl\u00e4n Isku Kajaanista ja Suomussalmen Vastus Suomussalmelta. My\u00f6hemm\u00e4ss\u00e4 vaiheessa mukaan tulivat huippuseuraksi kasvanut Sotkamon visa, Hyrynsalmen Isku, Kuhmon Kiva, Suomussalmen voimanostajat ja PCV-94 Vaalasta.<\/p>\n<p>Tavoitteemme oli alusta asti j\u00e4rjest\u00e4\u00e4 Kajaanissa ahkerasti Voimanostokisoja. Painonnosto ja voimanosto kukoistivat vahvasti Kuohun toiminnassa 1980-2000 v\u00e4lisen\u00e4 aikana. J\u00e4rjestimme vuosittain merkitt\u00e4vi\u00e4 voimanosto- ja vainonnostokilpailuja. Useat TUL:n mestaruudet ratkottiin Kajaanissa molemmissa lajeissa. Ensimm\u00e4iset TUL:n Voimanoston mestaruuskilpailut nostettiin Kajaanissa vuonna 1979. Voimanoston SM-kisat j\u00e4rjestimme vuonna 1987. Penkkipunnerruksen SM-kisat j\u00e4rjestimme 1993, jotka ovat edelleenkin suurimmat osaottajam\u00e4\u00e4r\u00e4lt\u00e4\u00e4n SM-kisojen historiassa. Veteraanien ja nuorten penkkipunnerruksen SM-kisat j\u00e4rjestimme 1999. Euroopan mestaruuskilpailut penkkipunnerruksessa Kuohu ja Voimanostoliitto j\u00e4rjesti yhdess\u00e4 vuonna 2000.<\/p>\n<p><strong>VAIKEAT VUODET<\/strong><\/p>\n<p>T\u00e4m\u00e4n vuosituhannen alussa kuohun voimanosto eli hallinnollisesti hyvin vaikeita vuosia. Mutta siit\u00e4 selvittiin ja toiminta on j\u00e4lleen kasvu-uralla. Rehti ja reilu urheiluhenki el\u00e4\u00e4 ja voi hyvin. Yhteisty\u00f6 Kajaanin kaupungin kanssa on rakentavaa ja teemme my\u00f6s yhteisty\u00f6t\u00e4 Sotkamon Visan kanssa. Kuohun voimailujaostoa vet\u00e4\u00e4 nuori ja vitaalinen Tarmo L\u00e4hdesm\u00e4ki. Voimailujaosto py\u00f6ritt\u00e4\u00e4 painonnostokoulua ja syksyisin koulujen alettua pid\u00e4mme voimanoston alkeiskurssin. Yhteisty\u00f6mme ylettyy my\u00f6s monikulttuuriselle sektorille. Olemme mukana maahanmuuttajien kotouttamisohjelmassa.    <\/p>\n<p><strong>NO DOPING<\/strong><\/p>\n<p>Kajaanin Kuohun toiminta-ajatus on edet\u00e4 liikunnassa puhtain purjein &#8211; no doping linjalla. Historia tuntee aikoja jolloin linjanpit\u00e4minen vaati j\u00e4\u00e4r\u00e4p\u00e4ist\u00e4 otetta asioiden hoidossa. Olemme kuitenkin onnistuneet pit\u00e4m\u00e4\u00e4n seuramme puhtaana doping k\u00e4ryist\u00e4. Voimailujaosto on joutunut matkanvarrella erottamaan henkil\u00f6it\u00e4, jotka ovat ryhtyneet toimimaan vastoin seuran eettist\u00e4 toimintalinjaa. <\/p>\n<p><strong>TOPIN TOUKOSET <\/strong><\/p>\n<p>Penkkipunnerruskilpailut saivat alkunsa vuonna 1991. Innokkaana kilpailijana katselin Voimanostoliiton kippailukalenteria useana kev\u00e4\u00e4n\u00e4.  Havaitsin, ett\u00e4 &#8211; 80 luvun lopulla ja -90 luvun alkuaikoina, kansallisia kisoja oli varsin v\u00e4h\u00e4n SM-kisojen j\u00e4lkeen toukokuussa. Esitin voimailujaoston toimintasuunnitelmaan, penkkikisojen j\u00e4rjest\u00e4mist\u00e4 toukokuulle. J\u00e4rjestimme muutamat penkkipunnerruskisat kev\u00e4isin toukokuussa ja kisoihin alkoi tulla porukkaa ymp\u00e4ri Suomea.<\/p>\n<p>Pitk\u00e4n ja merkitt\u00e4v\u00e4n panoksen voimanostourheilulle antanut Ky\u00f6sti Kauppinen esitti penkkikisojen nimen muuttamista. Ky\u00f6sti esitti kisoille nimeksi Topin toukopenkit.  Pitk\u00e4\u00e4n Kuohun Voimailujaoston puheenjohtajana toiminut Arvo Korhonen, pyysi minulta suostumusta nimenk\u00e4yt\u00f6lle ja annoin hetken harkinnan j\u00e4lkeen suostumuksen.  My\u00f6s kilpailusihteeri Marja Okkonen, panos Kuohun voimanostotoiminnassa on ollut merkitt\u00e4v\u00e4. H\u00e4n oli ensimm\u00e4inen nais voimanostaja ja hankki jo vuonna 1979 tuomarikortin. On ensimm\u00e4inen naistuomari Suomen painonnostohistoriassa. My\u00f6hemmin kisan nime\u00e4 viilattiin nykyiseen muotoonsa: Topin Toukoset.<\/p>\n<p>Kisojen historiassa on ollut nousuja ja laskuja parhaimmillaan kisoissa on ollut osanottajia 65. Kisoissa on nostettu isoja rautoja ja tehty monenlaisia enn\u00e4tyksi\u00e4. T\u00e4m\u00e4n vuoden kisoihin ilmoittautui 34 punnertajaa. Ja kisoissa n\u00e4htiin yksi Suomen enn\u00e4tys, kun Antti Ahonen Varpaisj\u00e4rven Vireest\u00e4 nosti sarjaan 67,5M23 uuden Suomenenn\u00e4tyksen 180 kg.<\/p>\n<p>Alusta alkaen kisat on pidetty \u00c4itienp\u00e4iv\u00e4n aattona, siis toukokuun toisena lauantai. Alkuaikoina kutsuimme \u00e4idit katsomaa kisoja ja tarjosimme heille kakkukahvit. Nykyisin tarjoamme kaikille kilpailijoille, huoltajille, katsojille ja apujoukoille kahvit. Kisojen erikoisuutena on ollut alusta asti se, ett\u00e4 kaikki tuloksen saaneet kilpailijat palkitaan. Tervetuloa taas ensi kev\u00e4\u00e4n\u00e4 Toukosiin! <\/p>\n<p><strong>VOIMANOSTON KEHITYS<\/strong><\/p>\n<p>Kaikilta osin lajin kehitys ei miellyt\u00e4 vanhaa konkaria. Voimanoston tekniset s\u00e4\u00e4nn\u00f6t ovat kehittyneet huonoon suuntaa varustekikkailun my\u00f6t\u00e4. My\u00f6skin s\u00e4\u00e4nt\u00f6viidakko olisi saatava kilpailuyst\u00e4v\u00e4llisemm\u00e4ksi. Kisoja seuraamaan tulevien katsojien pit\u00e4isi osata IPF:n s\u00e4\u00e4nn\u00f6t ymm\u00e4rt\u00e4\u00e4kseen miksi ja mit\u00e4 lappusia tuomarit heiluttelevat punaisten lamppujen syttyess\u00e4. Voimanostoa on toivottu ja ajettu Olympialajiksi l\u00e4hes sen olemassaoloajan. Pit\u00e4\u00e4 kysy\u00e4 kehitet\u00e4\u00e4nk\u00f6 sit\u00e4 imagollisesti yleis\u00f6\u00e4 varten?  Olen aika ajoin istunut seuraamaan kisoja katsomosta ja kyll\u00e4 siell\u00e4 yleens\u00e4 ihmetell\u00e4\u00e4n s\u00e4\u00e4nt\u00f6kirjoa &#8211; mill\u00e4 nosto tulee hyl\u00e4tyksi. <\/p>\n<p>Kyykyn syvyydest\u00e4 on puhuttanut koko ajan, mit\u00e4 olen ollut voimanostossa mukana.<br \/>\nS\u00e4\u00e4nt\u00f6: Nostaja ei laskeudu niin syv\u00e4\u00e4n kyykkyyn, ett\u00e4 reisien yl\u00e4pinta lonkkanivelen kohdalla on alempana kuin polven yl\u00e4osa. &#8221;Mielest\u00e4ni tosi helppoa tulkita ja havaita.&#8221;<br \/>\nJos tulkitaan, ett\u00e4 reiden yl\u00e4pinta on k\u00e4yt\u00e4v\u00e4 alempana, kuin polven yl\u00e4osa, niin silloin se my\u00f6s pit\u00e4\u00e4 s\u00e4\u00e4nt\u00f6ihin kirjata. Voimanosto kilpailumuotona muuttuu silloin ratkaisevasti.<br \/>\nPenkkipunnerrus  osana Voimanostourheilua on pilattu paitatehtailun my\u00f6t\u00e4. Penkin kohdalla on muitakin suuria lajin heikennyksi\u00e4 tullut. Kun nostajalle annetaan kilpailuv\u00e4line k\u00e4sille, niin kyll\u00e4 se n\u00e4ytt\u00e4\u00e4 avuttomalta puuhastelulta. Osa nostajista odottaa luokilla kilpailuv\u00e4linett\u00e4 ja saatuaan tangon k\u00e4silleen juuri oikeaan asentoon,  pukkaavat sen viisi senttimetri\u00e4 suorille k\u00e4sille.<br \/>\nMaastanosto on edelleenkin voimaanostoa parhaimmillaan.<\/p>\n<p>S\u00e4\u00e4nn\u00f6t ovat monen, monen ja monen kompromissin summa. Niill\u00e4 s\u00e4\u00e4nn\u00f6ill\u00e4 menn\u00e4\u00e4n eteenp\u00e4in, mitk\u00e4 kulloinkin ovat voimassa &#8211; niin jatkossakin. <\/p>\n<p><strong>Pala kainuulaista Voimanostohistoriaa<br \/>\nToivo &#8221;Topi&#8221; Kyll\u00f6nen<\/strong><\/p>\n<\/div>\n<\/div>\n<\/div>\n<\/li>\n<li><a class=\"historiaButton\" href=\"https:\/\/www.kajaaninkuohu.fi\/?p=5506\">Kuvia Kuohun nyrkkeilij\u00f6ist\u00e4<\/a><\/li>\n<li><a class=\"historiaButton\" href=\"https:\/\/www.kajaaninkuohu.fi\/?p=5508\">Kuvia Kuohun voimailijoista<\/a><\/li>\n<li><a class=\"historiaButton\" href=\"https:\/\/www.kajaaninkuohu.fi\/?p=5512\">Kuvia Kuohun painijoista<\/a><\/li>\n<li><a class=\"historiaButton\" href=\"https:\/\/www.kajaaninkuohu.fi\/?p=5514\">Kuvia Kuohun suunnistajista ja juoksijoista<\/a><\/li>\n<li><a class=\"historiaButton\" href=\"https:\/\/www.kajaaninkuohu.fi\/?p=5517\">Kuvia Kuohun voimistelijoista<\/a><\/li>\n<li><a class=\"historiaButton\" href=\"https:\/\/www.kajaaninkuohu.fi\/?p=5520\">Kuvia Kuohun hiiht\u00e4jist\u00e4<\/a><\/li>\n<li><a class=\"historiaButton\" href=\"https:\/\/www.kajaaninkuohu.fi\/?p=5522\">Vanhoja kuvia seuratoimijoista ja urheilijoista<\/a><\/li>\n<\/ul>\n<p>Jos sinulla on tarina Kuohun historiasta, l\u00e4het\u00e4 se puheenjohtajalle s\u00e4hk\u00f6postiin tarmo.lahdesmaki@kajaaninkuohu.fi<\/p>\n<p>&nbsp;<\/p>\n","protected":false},"excerpt":{"rendered":"<p>Historia T\u00e4lle sivulle on ker\u00e4tty tarinoita Kuohun historiasta Seuran perustaja muistelee Kajaaniin tuloni j\u00e4lkeen vuonna 1932 syksyll\u00e4 aloin ihmetell\u00e4, miksi<br \/><a class=\"lue-lisaa\" href=\"https:\/\/www.kajaaninkuohu.fi\/?page_id=216\">Lue lis&auml;&auml; &raquo;<\/a><\/p>\n","protected":false},"author":1,"featured_media":0,"parent":209,"menu_order":0,"comment_status":"open","ping_status":"open","template":"yksittainen-sivu.php","meta":{"ngg_post_thumbnail":0,"footnotes":""},"yoast_head":"<!-- This site is optimized with the Yoast SEO plugin v20.1 - https:\/\/yoast.com\/wordpress\/plugins\/seo\/ -->\n<title>Historia - Kajaanin Kuohu<\/title>\n<meta name=\"robots\" content=\"index, follow, max-snippet:-1, max-image-preview:large, max-video-preview:-1\" \/>\n<link rel=\"canonical\" href=\"https:\/\/www.kajaaninkuohu.fi\/?page_id=216\" \/>\n<meta property=\"og:locale\" content=\"fi_FI\" \/>\n<meta property=\"og:type\" content=\"article\" \/>\n<meta property=\"og:title\" content=\"Historia - Kajaanin Kuohu\" \/>\n<meta property=\"og:description\" content=\"Historia T\u00e4lle sivulle on ker\u00e4tty tarinoita Kuohun historiasta Seuran perustaja muistelee Kajaaniin tuloni j\u00e4lkeen vuonna 1932 syksyll\u00e4 aloin ihmetell\u00e4, miksiLue lis&auml;&auml; &raquo;\" \/>\n<meta property=\"og:url\" content=\"https:\/\/www.kajaaninkuohu.fi\/?page_id=216\" \/>\n<meta property=\"og:site_name\" content=\"Kajaanin Kuohu\" \/>\n<meta property=\"article:modified_time\" content=\"2022-09-11T14:44:03+00:00\" \/>\n<meta property=\"og:image\" content=\"http:\/\/www.kajaaninkuohu.fi\/wp-content\/uploads\/vaino_ritokari.png\" \/>\n<meta name=\"twitter:card\" content=\"summary_large_image\" \/>\n<meta name=\"twitter:label1\" content=\"Arvioitu lukuaika\" \/>\n\t<meta name=\"twitter:data1\" content=\"10 minuuttia\" \/>\n<script type=\"application\/ld+json\" class=\"yoast-schema-graph\">{\"@context\":\"https:\/\/schema.org\",\"@graph\":[{\"@type\":\"WebPage\",\"@id\":\"https:\/\/www.kajaaninkuohu.fi\/?page_id=216\",\"url\":\"https:\/\/www.kajaaninkuohu.fi\/?page_id=216\",\"name\":\"Historia - Kajaanin Kuohu\",\"isPartOf\":{\"@id\":\"https:\/\/www.kajaaninkuohu.fi\/#website\"},\"datePublished\":\"2010-10-19T10:16:54+00:00\",\"dateModified\":\"2022-09-11T14:44:03+00:00\",\"breadcrumb\":{\"@id\":\"https:\/\/www.kajaaninkuohu.fi\/?page_id=216#breadcrumb\"},\"inLanguage\":\"fi\",\"potentialAction\":[{\"@type\":\"ReadAction\",\"target\":[\"https:\/\/www.kajaaninkuohu.fi\/?page_id=216\"]}]},{\"@type\":\"BreadcrumbList\",\"@id\":\"https:\/\/www.kajaaninkuohu.fi\/?page_id=216#breadcrumb\",\"itemListElement\":[{\"@type\":\"ListItem\",\"position\":1,\"name\":\"Etusivu\",\"item\":\"https:\/\/www.kajaaninkuohu.fi\/\"},{\"@type\":\"ListItem\",\"position\":2,\"name\":\"Kuohu\",\"item\":\"https:\/\/www.kajaaninkuohu.fi\/?page_id=209\"},{\"@type\":\"ListItem\",\"position\":3,\"name\":\"Historia\"}]},{\"@type\":\"WebSite\",\"@id\":\"https:\/\/www.kajaaninkuohu.fi\/#website\",\"url\":\"https:\/\/www.kajaaninkuohu.fi\/\",\"name\":\"Kajaanin Kuohu\",\"description\":\"Urheiluseura\",\"potentialAction\":[{\"@type\":\"SearchAction\",\"target\":{\"@type\":\"EntryPoint\",\"urlTemplate\":\"https:\/\/www.kajaaninkuohu.fi\/?s={search_term_string}\"},\"query-input\":\"required name=search_term_string\"}],\"inLanguage\":\"fi\"}]}<\/script>\n<!-- \/ Yoast SEO plugin. -->","yoast_head_json":{"title":"Historia - Kajaanin Kuohu","robots":{"index":"index","follow":"follow","max-snippet":"max-snippet:-1","max-image-preview":"max-image-preview:large","max-video-preview":"max-video-preview:-1"},"canonical":"https:\/\/www.kajaaninkuohu.fi\/?page_id=216","og_locale":"fi_FI","og_type":"article","og_title":"Historia - Kajaanin Kuohu","og_description":"Historia T\u00e4lle sivulle on ker\u00e4tty tarinoita Kuohun historiasta Seuran perustaja muistelee Kajaaniin tuloni j\u00e4lkeen vuonna 1932 syksyll\u00e4 aloin ihmetell\u00e4, miksiLue lis&auml;&auml; &raquo;","og_url":"https:\/\/www.kajaaninkuohu.fi\/?page_id=216","og_site_name":"Kajaanin Kuohu","article_modified_time":"2022-09-11T14:44:03+00:00","og_image":[{"url":"http:\/\/www.kajaaninkuohu.fi\/wp-content\/uploads\/vaino_ritokari.png"}],"twitter_card":"summary_large_image","twitter_misc":{"Arvioitu lukuaika":"10 minuuttia"},"schema":{"@context":"https:\/\/schema.org","@graph":[{"@type":"WebPage","@id":"https:\/\/www.kajaaninkuohu.fi\/?page_id=216","url":"https:\/\/www.kajaaninkuohu.fi\/?page_id=216","name":"Historia - Kajaanin Kuohu","isPartOf":{"@id":"https:\/\/www.kajaaninkuohu.fi\/#website"},"datePublished":"2010-10-19T10:16:54+00:00","dateModified":"2022-09-11T14:44:03+00:00","breadcrumb":{"@id":"https:\/\/www.kajaaninkuohu.fi\/?page_id=216#breadcrumb"},"inLanguage":"fi","potentialAction":[{"@type":"ReadAction","target":["https:\/\/www.kajaaninkuohu.fi\/?page_id=216"]}]},{"@type":"BreadcrumbList","@id":"https:\/\/www.kajaaninkuohu.fi\/?page_id=216#breadcrumb","itemListElement":[{"@type":"ListItem","position":1,"name":"Etusivu","item":"https:\/\/www.kajaaninkuohu.fi\/"},{"@type":"ListItem","position":2,"name":"Kuohu","item":"https:\/\/www.kajaaninkuohu.fi\/?page_id=209"},{"@type":"ListItem","position":3,"name":"Historia"}]},{"@type":"WebSite","@id":"https:\/\/www.kajaaninkuohu.fi\/#website","url":"https:\/\/www.kajaaninkuohu.fi\/","name":"Kajaanin Kuohu","description":"Urheiluseura","potentialAction":[{"@type":"SearchAction","target":{"@type":"EntryPoint","urlTemplate":"https:\/\/www.kajaaninkuohu.fi\/?s={search_term_string}"},"query-input":"required name=search_term_string"}],"inLanguage":"fi"}]}},"_links":{"self":[{"href":"https:\/\/www.kajaaninkuohu.fi\/index.php?rest_route=\/wp\/v2\/pages\/216"}],"collection":[{"href":"https:\/\/www.kajaaninkuohu.fi\/index.php?rest_route=\/wp\/v2\/pages"}],"about":[{"href":"https:\/\/www.kajaaninkuohu.fi\/index.php?rest_route=\/wp\/v2\/types\/page"}],"author":[{"embeddable":true,"href":"https:\/\/www.kajaaninkuohu.fi\/index.php?rest_route=\/wp\/v2\/users\/1"}],"replies":[{"embeddable":true,"href":"https:\/\/www.kajaaninkuohu.fi\/index.php?rest_route=%2Fwp%2Fv2%2Fcomments&post=216"}],"version-history":[{"count":58,"href":"https:\/\/www.kajaaninkuohu.fi\/index.php?rest_route=\/wp\/v2\/pages\/216\/revisions"}],"predecessor-version":[{"id":10361,"href":"https:\/\/www.kajaaninkuohu.fi\/index.php?rest_route=\/wp\/v2\/pages\/216\/revisions\/10361"}],"up":[{"embeddable":true,"href":"https:\/\/www.kajaaninkuohu.fi\/index.php?rest_route=\/wp\/v2\/pages\/209"}],"wp:attachment":[{"href":"https:\/\/www.kajaaninkuohu.fi\/index.php?rest_route=%2Fwp%2Fv2%2Fmedia&parent=216"}],"curies":[{"name":"wp","href":"https:\/\/api.w.org\/{rel}","templated":true}]}}