{"id":342,"date":"2010-10-25T19:42:30","date_gmt":"2010-10-25T19:42:30","guid":{"rendered":"http:\/\/www.kuohu2.kajaani.net\/?page_id=342"},"modified":"2025-01-17T12:46:42","modified_gmt":"2025-01-17T12:46:42","slug":"jasenmaksun-maksaminen","status":"publish","type":"page","link":"https:\/\/www.kajaaninkuohu.fi\/?page_id=342","title":{"rendered":"Liity j\u00e4seneksi"},"content":{"rendered":"<p>&nbsp;<\/p>\n<h1 style=\"margin: -40px 0px 40px; text-align: center;\"><em>SUOMISPORT<\/em><\/h1>\n<p style=\"text-align: center;\"><a href=\"https:\/\/suomisport.freshdesk.com\/fi\/support\/solutions\/44000818546\" target=\"_blank\" rel=\"noopener\">LIIKKUJA : Suomisport -tuki<\/a><\/p>\n<p style=\"text-align: center;\"><a href=\"https:\/\/suomisport.freshdesk.com\/fi\/support\/solutions\/articles\/44001856851-miten-kirjaudun-suomisporttiin-miten-luon-sporttitilin-\">Miten kirjaudun Suomisporttiin? Miten luon Sporttitilin? : Suomisport -tuki<\/a><\/p>\n<p style=\"text-align: center;\"><a href=\"https:\/\/suomisport.freshdesk.com\/fi\/support\/solutions\/articles\/44002405622-miten-liityn-seuran-j%C3%A4seneksi-suomisportissa-\" target=\"_blank\" rel=\"noopener\">Miten liityn seuran j\u00e4seneksi Suomisportissa? : Suomisport -tuki<\/a><\/p>\n<p>&nbsp;<\/p>\n<p style=\"text-align: center;\">L\u00e4het\u00e4 alla olevien linkkien kautta j\u00e4seneksi liittymispyynt\u00f6 haluamaasi jaostoon. J\u00e4seneksi liittymispyynn\u00f6n k\u00e4sittelyn j\u00e4lkeen voit maksaa j\u00e4senmaksun suoraan SuomiSportissa<\/p>\n<p style=\"text-align: center;\">Huomaathan, ett\u00e4 my\u00f6s vanhojen j\u00e4senten on liitytt\u00e4v\u00e4 uudelleen j\u00e4seneksi SuomiSportin kautta, jotta j\u00e4rjestelm\u00e4 p\u00e4ivittyy!<\/p>\n<p style=\"text-align: center;\">J\u00e4senmaksun voit maksaa my\u00f6s mahdollisella saamallasi laskulla. Liittyess\u00e4si SuomiSportin kautta j\u00e4seneksi, voit h\u00e4vitt\u00e4\u00e4 paperilaskun.<\/p>\n<h2 style=\"text-align: left;\">Lentopallo:<\/h2>\n<ul style=\"text-align: left;\">\n<li><a href=\"https:\/\/seurat.suomisport.fi\/invite\/b3295e66-f516-4d18-90b4-f6301e874637\">Lentopallojaoston j\u00e4sen<\/a><\/li>\n<li><\/li>\n<\/ul>\n<h2 style=\"text-align: left;\">Nyrkkeily:<\/h2>\n<ul style=\"text-align: left;\">\n<li><a href=\"https:\/\/seurat.suomisport.fi\/invite\/356bbe12-d9a0-47ca-b758-6f3f61ab8e87\">Nyrkkeilyjaoston j\u00e4sen<\/a><\/li>\n<\/ul>\n<h2 style=\"text-align: left;\"><\/h2>\n<h2 style=\"text-align: left;\">Voimailu:<\/h2>\n<ul style=\"text-align: left;\">\n<li><a href=\"https:\/\/seurat.suomisport.fi\/invite\/a5a5bc24-2ae9-4c30-977a-06945e5865d5\">Voimailujaoston j\u00e4sen, voimanostaja<\/a><\/li>\n<li><a href=\"https:\/\/seurat.suomisport.fi\/invite\/9d536020-2ab5-4878-8539-1b84a79b1d1e\">Voimailujaoston j\u00e4sen, Painonnostaja<\/a><\/li>\n<\/ul>\n<h2 style=\"text-align: left;\"><\/h2>\n<h2 style=\"text-align: left;\">Suunnistus:<\/h2>\n<ul style=\"text-align: left;\">\n<li><a href=\"https:\/\/seurat.suomisport.fi\/invite\/c55e9a98-6209-4952-82c2-b0f1df33357f\">Suunnistusjaoston j\u00e4sen<\/a><\/li>\n<\/ul>\n<p style=\"text-align: left;\">Tervetuloa Kajaanin Kuohun j\u00e4seneksi!<\/p>\n","protected":false},"excerpt":{"rendered":"<p>&nbsp; SUOMISPORT LIIKKUJA : Suomisport -tuki Miten kirjaudun Suomisporttiin? Miten luon Sporttitilin? : Suomisport -tuki Miten liityn seuran j\u00e4seneksi Suomisportissa?<br \/><a class=\"lue-lisaa\" href=\"https:\/\/www.kajaaninkuohu.fi\/?page_id=342\">Lue lis&auml;&auml; &raquo;<\/a><\/p>\n","protected":false},"author":1,"featured_media":0,"parent":0,"menu_order":0,"comment_status":"open","ping_status":"open","template":"yksittainen-sivu.php","meta":{"ngg_post_thumbnail":0,"footnotes":""},"yoast_head":"<!-- This site is optimized with the Yoast SEO plugin v20.1 - https:\/\/yoast.com\/wordpress\/plugins\/seo\/ -->\n<title>Liity j\u00e4seneksi - Kajaanin Kuohu<\/title>\n<meta name=\"robots\" content=\"index, follow, max-snippet:-1, max-image-preview:large, max-video-preview:-1\" \/>\n<link rel=\"canonical\" href=\"https:\/\/www.kajaaninkuohu.fi\/?page_id=342\" \/>\n<meta property=\"og:locale\" content=\"fi_FI\" \/>\n<meta property=\"og:type\" content=\"article\" \/>\n<meta property=\"og:title\" content=\"Liity j\u00e4seneksi - Kajaanin Kuohu\" \/>\n<meta property=\"og:description\" content=\"&nbsp; SUOMISPORT LIIKKUJA : Suomisport -tuki Miten kirjaudun Suomisporttiin? Miten luon Sporttitilin? : Suomisport -tuki Miten liityn seuran j\u00e4seneksi Suomisportissa?Lue lis&auml;&auml; &raquo;\" \/>\n<meta property=\"og:url\" content=\"https:\/\/www.kajaaninkuohu.fi\/?page_id=342\" \/>\n<meta property=\"og:site_name\" content=\"Kajaanin Kuohu\" \/>\n<meta property=\"article:modified_time\" content=\"2025-01-17T12:46:42+00:00\" \/>\n<meta name=\"twitter:card\" content=\"summary_large_image\" \/>\n<meta name=\"twitter:label1\" content=\"Arvioitu lukuaika\" \/>\n\t<meta name=\"twitter:data1\" content=\"1 minuutti\" \/>\n<script type=\"application\/ld+json\" class=\"yoast-schema-graph\">{\"@context\":\"https:\/\/schema.org\",\"@graph\":[{\"@type\":\"WebPage\",\"@id\":\"https:\/\/www.kajaaninkuohu.fi\/?page_id=342\",\"url\":\"https:\/\/www.kajaaninkuohu.fi\/?page_id=342\",\"name\":\"Liity j\u00e4seneksi - Kajaanin Kuohu\",\"isPartOf\":{\"@id\":\"https:\/\/www.kajaaninkuohu.fi\/#website\"},\"datePublished\":\"2010-10-25T19:42:30+00:00\",\"dateModified\":\"2025-01-17T12:46:42+00:00\",\"breadcrumb\":{\"@id\":\"https:\/\/www.kajaaninkuohu.fi\/?page_id=342#breadcrumb\"},\"inLanguage\":\"fi\",\"potentialAction\":[{\"@type\":\"ReadAction\",\"target\":[\"https:\/\/www.kajaaninkuohu.fi\/?page_id=342\"]}]},{\"@type\":\"BreadcrumbList\",\"@id\":\"https:\/\/www.kajaaninkuohu.fi\/?page_id=342#breadcrumb\",\"itemListElement\":[{\"@type\":\"ListItem\",\"position\":1,\"name\":\"Etusivu\",\"item\":\"https:\/\/www.kajaaninkuohu.fi\/\"},{\"@type\":\"ListItem\",\"position\":2,\"name\":\"Liity j\u00e4seneksi\"}]},{\"@type\":\"WebSite\",\"@id\":\"https:\/\/www.kajaaninkuohu.fi\/#website\",\"url\":\"https:\/\/www.kajaaninkuohu.fi\/\",\"name\":\"Kajaanin Kuohu\",\"description\":\"Urheiluseura\",\"potentialAction\":[{\"@type\":\"SearchAction\",\"target\":{\"@type\":\"EntryPoint\",\"urlTemplate\":\"https:\/\/www.kajaaninkuohu.fi\/?s={search_term_string}\"},\"query-input\":\"required name=search_term_string\"}],\"inLanguage\":\"fi\"}]}<\/script>\n<!-- \/ Yoast SEO plugin. -->","yoast_head_json":{"title":"Liity j\u00e4seneksi - Kajaanin Kuohu","robots":{"index":"index","follow":"follow","max-snippet":"max-snippet:-1","max-image-preview":"max-image-preview:large","max-video-preview":"max-video-preview:-1"},"canonical":"https:\/\/www.kajaaninkuohu.fi\/?page_id=342","og_locale":"fi_FI","og_type":"article","og_title":"Liity j\u00e4seneksi - Kajaanin Kuohu","og_description":"&nbsp; SUOMISPORT LIIKKUJA : Suomisport -tuki Miten kirjaudun Suomisporttiin? Miten luon Sporttitilin? : Suomisport -tuki Miten liityn seuran j\u00e4seneksi Suomisportissa?Lue lis&auml;&auml; &raquo;","og_url":"https:\/\/www.kajaaninkuohu.fi\/?page_id=342","og_site_name":"Kajaanin Kuohu","article_modified_time":"2025-01-17T12:46:42+00:00","twitter_card":"summary_large_image","twitter_misc":{"Arvioitu lukuaika":"1 minuutti"},"schema":{"@context":"https:\/\/schema.org","@graph":[{"@type":"WebPage","@id":"https:\/\/www.kajaaninkuohu.fi\/?page_id=342","url":"https:\/\/www.kajaaninkuohu.fi\/?page_id=342","name":"Liity j\u00e4seneksi - Kajaanin Kuohu","isPartOf":{"@id":"https:\/\/www.kajaaninkuohu.fi\/#website"},"datePublished":"2010-10-25T19:42:30+00:00","dateModified":"2025-01-17T12:46:42+00:00","breadcrumb":{"@id":"https:\/\/www.kajaaninkuohu.fi\/?page_id=342#breadcrumb"},"inLanguage":"fi","potentialAction":[{"@type":"ReadAction","target":["https:\/\/www.kajaaninkuohu.fi\/?page_id=342"]}]},{"@type":"BreadcrumbList","@id":"https:\/\/www.kajaaninkuohu.fi\/?page_id=342#breadcrumb","itemListElement":[{"@type":"ListItem","position":1,"name":"Etusivu","item":"https:\/\/www.kajaaninkuohu.fi\/"},{"@type":"ListItem","position":2,"name":"Liity j\u00e4seneksi"}]},{"@type":"WebSite","@id":"https:\/\/www.kajaaninkuohu.fi\/#website","url":"https:\/\/www.kajaaninkuohu.fi\/","name":"Kajaanin Kuohu","description":"Urheiluseura","potentialAction":[{"@type":"SearchAction","target":{"@type":"EntryPoint","urlTemplate":"https:\/\/www.kajaaninkuohu.fi\/?s={search_term_string}"},"query-input":"required name=search_term_string"}],"inLanguage":"fi"}]}},"_links":{"self":[{"href":"https:\/\/www.kajaaninkuohu.fi\/index.php?rest_route=\/wp\/v2\/pages\/342"}],"collection":[{"href":"https:\/\/www.kajaaninkuohu.fi\/index.php?rest_route=\/wp\/v2\/pages"}],"about":[{"href":"https:\/\/www.kajaaninkuohu.fi\/index.php?rest_route=\/wp\/v2\/types\/page"}],"author":[{"embeddable":true,"href":"https:\/\/www.kajaaninkuohu.fi\/index.php?rest_route=\/wp\/v2\/users\/1"}],"replies":[{"embeddable":true,"href":"https:\/\/www.kajaaninkuohu.fi\/index.php?rest_route=%2Fwp%2Fv2%2Fcomments&post=342"}],"version-history":[{"count":31,"href":"https:\/\/www.kajaaninkuohu.fi\/index.php?rest_route=\/wp\/v2\/pages\/342\/revisions"}],"predecessor-version":[{"id":10763,"href":"https:\/\/www.kajaaninkuohu.fi\/index.php?rest_route=\/wp\/v2\/pages\/342\/revisions\/10763"}],"wp:attachment":[{"href":"https:\/\/www.kajaaninkuohu.fi\/index.php?rest_route=%2Fwp%2Fv2%2Fmedia&parent=342"}],"curies":[{"name":"wp","href":"https:\/\/api.w.org\/{rel}","templated":true}]}}