{"id":91,"date":"2010-10-13T15:55:23","date_gmt":"2010-10-13T15:55:23","guid":{"rendered":"http:\/\/www.kuohu2.kajaani.net\/?page_id=91"},"modified":"2014-07-07T07:52:20","modified_gmt":"2014-07-07T07:52:20","slug":"tapahtumat","status":"publish","type":"page","link":"https:\/\/www.kajaaninkuohu.fi\/?page_id=91","title":{"rendered":"Enn\u00e4tykset"},"content":{"rendered":"<h2>Voimanoston ja painonnoston enn\u00e4tyksi\u00e4<\/h2>\n<ul>\n<li><a style=\"font-size: 13px;\" href=\"http:\/\/livescoresheet.com\/records\/1\/1\/M\/0\/\">Voimanoston Suomenenn\u00e4tykset<\/a><\/li>\n<li><a style=\"font-size: 13px;\" href=\"http:\/\/painonnosto.fi\/kilpailu\/ennatykset\">Painonnoston Suomenenn\u00e4tykset<\/a><\/li>\n<li><a style=\"font-size: 13px;\" href=\"http:\/\/livescoresheet.com\/records\/3\/1\/M\/0\/\">Voimanoston\u00a0Seuraenn\u00e4tykset<\/a><\/li>\n<li><a style=\"font-size: 13px;\" href=\"https:\/\/www.kajaaninkuohu.fi\/?page_id=7239\">Vienankadun voimailutilan salienn\u00e4tykset<\/a><\/li>\n<\/ul>\n<p>&nbsp;<\/p>\n<p>&nbsp;<\/p>\n","protected":false},"excerpt":{"rendered":"<p>Voimanoston ja painonnoston enn\u00e4tyksi\u00e4 Voimanoston Suomenenn\u00e4tykset Painonnoston Suomenenn\u00e4tykset Voimanoston\u00a0Seuraenn\u00e4tykset Vienankadun voimailutilan salienn\u00e4tykset &nbsp; &nbsp;<\/p>\n","protected":false},"author":1,"featured_media":0,"parent":18,"menu_order":0,"comment_status":"open","ping_status":"closed","template":"yksittainen-sivu.php","meta":{"ngg_post_thumbnail":0,"footnotes":""},"yoast_head":"<!-- This site is optimized with the Yoast SEO plugin v20.1 - https:\/\/yoast.com\/wordpress\/plugins\/seo\/ -->\n<title>Enn\u00e4tykset - Kajaanin Kuohu<\/title>\n<meta name=\"robots\" content=\"index, follow, max-snippet:-1, max-image-preview:large, max-video-preview:-1\" \/>\n<link rel=\"canonical\" href=\"https:\/\/www.kajaaninkuohu.fi\/?page_id=91\" \/>\n<meta property=\"og:locale\" content=\"fi_FI\" \/>\n<meta property=\"og:type\" content=\"article\" \/>\n<meta property=\"og:title\" content=\"Enn\u00e4tykset - Kajaanin Kuohu\" \/>\n<meta property=\"og:description\" content=\"Voimanoston ja painonnoston enn\u00e4tyksi\u00e4 Voimanoston Suomenenn\u00e4tykset Painonnoston Suomenenn\u00e4tykset Voimanoston\u00a0Seuraenn\u00e4tykset Vienankadun voimailutilan salienn\u00e4tykset &nbsp; &nbsp;\" \/>\n<meta property=\"og:url\" content=\"https:\/\/www.kajaaninkuohu.fi\/?page_id=91\" \/>\n<meta property=\"og:site_name\" content=\"Kajaanin Kuohu\" \/>\n<meta property=\"article:modified_time\" content=\"2014-07-07T07:52:20+00:00\" \/>\n<meta name=\"twitter:card\" content=\"summary_large_image\" \/>\n<script type=\"application\/ld+json\" class=\"yoast-schema-graph\">{\"@context\":\"https:\/\/schema.org\",\"@graph\":[{\"@type\":\"WebPage\",\"@id\":\"https:\/\/www.kajaaninkuohu.fi\/?page_id=91\",\"url\":\"https:\/\/www.kajaaninkuohu.fi\/?page_id=91\",\"name\":\"Enn\u00e4tykset - Kajaanin Kuohu\",\"isPartOf\":{\"@id\":\"https:\/\/www.kajaaninkuohu.fi\/#website\"},\"datePublished\":\"2010-10-13T15:55:23+00:00\",\"dateModified\":\"2014-07-07T07:52:20+00:00\",\"breadcrumb\":{\"@id\":\"https:\/\/www.kajaaninkuohu.fi\/?page_id=91#breadcrumb\"},\"inLanguage\":\"fi\",\"potentialAction\":[{\"@type\":\"ReadAction\",\"target\":[\"https:\/\/www.kajaaninkuohu.fi\/?page_id=91\"]}]},{\"@type\":\"BreadcrumbList\",\"@id\":\"https:\/\/www.kajaaninkuohu.fi\/?page_id=91#breadcrumb\",\"itemListElement\":[{\"@type\":\"ListItem\",\"position\":1,\"name\":\"Etusivu\",\"item\":\"https:\/\/www.kajaaninkuohu.fi\/\"},{\"@type\":\"ListItem\",\"position\":2,\"name\":\"Toiminta\",\"item\":\"https:\/\/www.kajaaninkuohu.fi\/?page_id=16\"},{\"@type\":\"ListItem\",\"position\":3,\"name\":\"Voimailu\",\"item\":\"https:\/\/www.kajaaninkuohu.fi\/?page_id=18\"},{\"@type\":\"ListItem\",\"position\":4,\"name\":\"Enn\u00e4tykset\"}]},{\"@type\":\"WebSite\",\"@id\":\"https:\/\/www.kajaaninkuohu.fi\/#website\",\"url\":\"https:\/\/www.kajaaninkuohu.fi\/\",\"name\":\"Kajaanin Kuohu\",\"description\":\"Urheiluseura\",\"potentialAction\":[{\"@type\":\"SearchAction\",\"target\":{\"@type\":\"EntryPoint\",\"urlTemplate\":\"https:\/\/www.kajaaninkuohu.fi\/?s={search_term_string}\"},\"query-input\":\"required name=search_term_string\"}],\"inLanguage\":\"fi\"}]}<\/script>\n<!-- \/ Yoast SEO plugin. -->","yoast_head_json":{"title":"Enn\u00e4tykset - Kajaanin Kuohu","robots":{"index":"index","follow":"follow","max-snippet":"max-snippet:-1","max-image-preview":"max-image-preview:large","max-video-preview":"max-video-preview:-1"},"canonical":"https:\/\/www.kajaaninkuohu.fi\/?page_id=91","og_locale":"fi_FI","og_type":"article","og_title":"Enn\u00e4tykset - Kajaanin Kuohu","og_description":"Voimanoston ja painonnoston enn\u00e4tyksi\u00e4 Voimanoston Suomenenn\u00e4tykset Painonnoston Suomenenn\u00e4tykset Voimanoston\u00a0Seuraenn\u00e4tykset Vienankadun voimailutilan salienn\u00e4tykset &nbsp; &nbsp;","og_url":"https:\/\/www.kajaaninkuohu.fi\/?page_id=91","og_site_name":"Kajaanin Kuohu","article_modified_time":"2014-07-07T07:52:20+00:00","twitter_card":"summary_large_image","schema":{"@context":"https:\/\/schema.org","@graph":[{"@type":"WebPage","@id":"https:\/\/www.kajaaninkuohu.fi\/?page_id=91","url":"https:\/\/www.kajaaninkuohu.fi\/?page_id=91","name":"Enn\u00e4tykset - Kajaanin Kuohu","isPartOf":{"@id":"https:\/\/www.kajaaninkuohu.fi\/#website"},"datePublished":"2010-10-13T15:55:23+00:00","dateModified":"2014-07-07T07:52:20+00:00","breadcrumb":{"@id":"https:\/\/www.kajaaninkuohu.fi\/?page_id=91#breadcrumb"},"inLanguage":"fi","potentialAction":[{"@type":"ReadAction","target":["https:\/\/www.kajaaninkuohu.fi\/?page_id=91"]}]},{"@type":"BreadcrumbList","@id":"https:\/\/www.kajaaninkuohu.fi\/?page_id=91#breadcrumb","itemListElement":[{"@type":"ListItem","position":1,"name":"Etusivu","item":"https:\/\/www.kajaaninkuohu.fi\/"},{"@type":"ListItem","position":2,"name":"Toiminta","item":"https:\/\/www.kajaaninkuohu.fi\/?page_id=16"},{"@type":"ListItem","position":3,"name":"Voimailu","item":"https:\/\/www.kajaaninkuohu.fi\/?page_id=18"},{"@type":"ListItem","position":4,"name":"Enn\u00e4tykset"}]},{"@type":"WebSite","@id":"https:\/\/www.kajaaninkuohu.fi\/#website","url":"https:\/\/www.kajaaninkuohu.fi\/","name":"Kajaanin Kuohu","description":"Urheiluseura","potentialAction":[{"@type":"SearchAction","target":{"@type":"EntryPoint","urlTemplate":"https:\/\/www.kajaaninkuohu.fi\/?s={search_term_string}"},"query-input":"required name=search_term_string"}],"inLanguage":"fi"}]}},"_links":{"self":[{"href":"https:\/\/www.kajaaninkuohu.fi\/index.php?rest_route=\/wp\/v2\/pages\/91"}],"collection":[{"href":"https:\/\/www.kajaaninkuohu.fi\/index.php?rest_route=\/wp\/v2\/pages"}],"about":[{"href":"https:\/\/www.kajaaninkuohu.fi\/index.php?rest_route=\/wp\/v2\/types\/page"}],"author":[{"embeddable":true,"href":"https:\/\/www.kajaaninkuohu.fi\/index.php?rest_route=\/wp\/v2\/users\/1"}],"replies":[{"embeddable":true,"href":"https:\/\/www.kajaaninkuohu.fi\/index.php?rest_route=%2Fwp%2Fv2%2Fcomments&post=91"}],"version-history":[{"count":12,"href":"https:\/\/www.kajaaninkuohu.fi\/index.php?rest_route=\/wp\/v2\/pages\/91\/revisions"}],"predecessor-version":[{"id":94,"href":"https:\/\/www.kajaaninkuohu.fi\/index.php?rest_route=\/wp\/v2\/pages\/91\/revisions\/94"}],"up":[{"embeddable":true,"href":"https:\/\/www.kajaaninkuohu.fi\/index.php?rest_route=\/wp\/v2\/pages\/18"}],"wp:attachment":[{"href":"https:\/\/www.kajaaninkuohu.fi\/index.php?rest_route=%2Fwp%2Fv2%2Fmedia&parent=91"}],"curies":[{"name":"wp","href":"https:\/\/api.w.org\/{rel}","templated":true}]}}